{"id":116,"date":"2020-08-04T17:05:35","date_gmt":"2020-08-04T17:05:35","guid":{"rendered":"http:\/\/kf-art-gallery.com\/?page_id=116"},"modified":"2021-06-05T08:53:44","modified_gmt":"2021-06-05T08:53:44","slug":"kf-galery","status":"publish","type":"page","link":"https:\/\/kf-art-gallery.com\/","title":{"rendered":"KF Gallery"},"content":{"rendered":"\t\t<div data-elementor-type=\"wp-page\" data-elementor-id=\"116\" class=\"elementor elementor-116\" data-elementor-settings=\"[]\">\n\t\t\t<div class=\"elementor-inner\">\n\t\t\t\t<div class=\"elementor-section-wrap\">\n\t\t\t\t\t\t\t<section class=\"has_ma_el_slider elementor-element elementor-element-a262b80 elementor-section-full_width elementor-section-stretched elementor-section-height-full elementor-section-items-stretch elementor-reverse-tablet elementor-reverse-mobile elementor-section-height-default elementor-section elementor-top-section\" data-id=\"a262b80\" data-element_type=\"section\" data-settings=\"{&quot;background_background&quot;:&quot;classic&quot;,&quot;stretch_section&quot;:&quot;section-stretched&quot;}\">\n\t\t\t\t\t\t\t<div class=\"elementor-background-overlay\"><\/div>\n\t\t\t\t\t\t\t<div class=\"elementor-container elementor-column-gap-wider\">\n\t\t\t\t<div class=\"elementor-row\">\n\t\t\t\t<div class=\"has_ma_el_slider elementor-element elementor-element-5f39fa11 elementor-column elementor-col-100 elementor-top-column\" data-id=\"5f39fa11\" data-element_type=\"column\" data-settings=\"{&quot;background_background&quot;:&quot;classic&quot;}\">\n\t\t\t<div class=\"elementor-column-wrap  elementor-element-populated\">\n\t\t\t\t\t<div class=\"elementor-widget-wrap\">\n\t\t\t\t<div class=\"elementor-element elementor-element-440c9c9 elementor-absolute elementor-widget elementor-widget-ma-navmenu\" data-id=\"440c9c9\" data-element_type=\"widget\" data-settings=\"{&quot;_position&quot;:&quot;absolute&quot;}\" data-widget_type=\"ma-navmenu.default\">\n\t\t\t\t<div class=\"elementor-widget-container\">\n\t\t\t<div class=\"jltma-menu-container\"><nav\n                    id=\"jltma-nav-menu-element-440c9c9\"\n                    class=\"jltma-elementor-header jltma-nav-menu-element navbar navbar-expand-md navbar-soft not-sticky mobile hover horizontal \"\n                    data-menu-id=\"jltma-nav-menu-element-440c9c9\"\n                    data-sticky-type=\"not-sticky\"\n                    data-menu-layout=\"default\"\n                    data-menu-trigger=\"hover\"\n                    data-menu-offcanvas=\"toggle-bar\"\n                    data-menu-toggletype=\"toggle\"\n                    data-menu-animation=\"default\"\n                    data-menu-container-id=\"\"><div class=\"jltma-nav-panel mobile\">\n                                <a class=\"jltma-nav-logo navbar-brand jltma-col-xs-3 jltma-col-sm-3\" href=\"https:\/\/kf-art-gallery.com\">\n                                    <img src=\"\" alt=\"\" >\n                                <\/a>\n                                <button\n                                    class=\"navbar-toggler ml-md-0 mr-auto py-3\"\n                                    type=\"button\"\n                                    data-toggle=\"collapse\"\n                                    data-trigger=\"#jltma-nav-menu-elementor-440c9c9\"\n                                    data-target=\"#jltma-nav-menu-elementor-440c9c9\"\n                                    aria-expanded=\"false\"\n                                    aria-label=\"Toggle Navigation\">\n                                    <div class=\"jltma-burger jltma-lite-medium\"><span class=\"mid-line\"><\/span><\/div>\n                                <\/button>\n                                <button class=\"jltma-close \"> X <\/button>\n                            <\/div><div id=\"jltma-nav-menu-elementor-440c9c9\" class=\"jltma-menu-offcanvas-elements jltma-navbar-nav-default mobile-offcanvas collapse navbar-collapse jltma-svg-arrow jltma-medium-up jltma-one-page-disabled toggle-bar \"><ul id=\"jltma-main-menu\" class=\"navbar-nav jltma-navbar-nav jltma-menu-position-flex-end toggle\"><li id=\"menu-item-140\" class=\"menu-item menu-item-type-post_type menu-item-object-page menu-item-home menu-item-140 nav-item jltma-megamenu-hover jltma-mobile-builder-content\"><a href=\"https:\/\/kf-art-gallery.com\/\" class=\"jltma-menu-nav-link nav-link\">Startseite<\/a><\/li>\n<li id=\"menu-item-148\" class=\"menu-item menu-item-type-post_type menu-item-object-page menu-item-148 nav-item jltma-megamenu-hover jltma-mobile-builder-content\"><a href=\"https:\/\/kf-art-gallery.com\/?page_id=136\" class=\"jltma-menu-nav-link nav-link\">Galerie<\/a><\/li>\n<li id=\"menu-item-150\" class=\"menu-item menu-item-type-post_type menu-item-object-page menu-item-150 nav-item jltma-megamenu-hover jltma-mobile-builder-content\"><a href=\"https:\/\/kf-art-gallery.com\/?page_id=138\" class=\"jltma-menu-nav-link nav-link\">Kontakt<\/a><\/li>\n<\/ul><\/div><\/nav><style>@media only screen and (min-width: 768px) { .elementor-element-440c9c9 .jltma-burger-box { display: none } }<\/style><\/div>\t\t<\/div>\n\t\t\t\t<\/div>\n\t\t\t\t<div class=\"elementor-element elementor-element-1ce56d7f elementor-widget elementor-widget-heading\" data-id=\"1ce56d7f\" data-element_type=\"widget\" data-widget_type=\"heading.default\">\n\t\t\t\t<div class=\"elementor-widget-container\">\n\t\t\t<h2 class=\"elementor-heading-title elementor-size-small\">KF Art Gallery<\/h2>\t\t<\/div>\n\t\t\t\t<\/div>\n\t\t\t\t\t\t<\/div>\n\t\t\t<\/div>\n\t\t<\/div>\n\t\t\t\t\t\t<\/div>\n\t\t\t<\/div>\n\t\t<\/section>\n\t\t\t\t<section class=\"has_ma_el_slider elementor-element elementor-element-6b4e3e3b elementor-section-content-middle elementor-reverse-mobile elementor-section-full_width elementor-section-height-default elementor-section-height-default elementor-section elementor-top-section\" data-id=\"6b4e3e3b\" data-element_type=\"section\" data-settings=\"{&quot;background_background&quot;:&quot;classic&quot;}\">\n\t\t\t\t\t\t\t<div class=\"elementor-background-overlay\"><\/div>\n\t\t\t\t\t\t\t<div class=\"elementor-container elementor-column-gap-default\">\n\t\t\t\t<div class=\"elementor-row\">\n\t\t\t\t<div class=\"has_ma_el_slider elementor-element elementor-element-4c2e34a8 elementor-column elementor-col-50 elementor-top-column\" data-id=\"4c2e34a8\" data-element_type=\"column\" data-settings=\"{&quot;background_background&quot;:&quot;classic&quot;}\">\n\t\t\t<div class=\"elementor-column-wrap  elementor-element-populated\">\n\t\t\t\t\t<div class=\"elementor-widget-wrap\">\n\t\t\t\t<div class=\"elementor-element elementor-element-2519dac elementor-widget elementor-widget-text-editor\" data-id=\"2519dac\" data-element_type=\"widget\" data-widget_type=\"text-editor.default\">\n\t\t\t\t<div class=\"elementor-widget-container\">\n\t\t\t\t\t<div class=\"elementor-text-editor elementor-clearfix\"><p><strong>Herzlich willkommen in der KF Art Gallery!<\/strong><b style=\"font-size: 17px;\">Erleben Sie hier \u00d6lgem\u00e4lde, die ihresgleichen suchen!<\/b><\/p><p><b>Die KF Art Gallery dient als virtuelle Ausstellungsfl\u00e4che der Bilder von Karin Frank, einer\u00a0passionierten Surrealistin, Diplom-Ingenieurin und K\u00fcnstlerin. Geht es f\u00fcr Karin Frank in ihrem Beruf vor allem um Pr\u00e4zision, Geradlinigkeit und Akkuratesse, hebelt sie bei ihren Kunstwerken gerne die Naturgesetze aus und schafft \u00fcbernat\u00fcrliche Welten, die direkt ihrer Fantasie entspringen. Dabei zeichnet sie vor allem eine hohe Detailliebe aus &#8211; Sie werden sich an den Bildern nie satt sehen, weil sie immer wieder Neues offenbaren.<\/b><\/p><\/div>\n\t\t\t\t<\/div>\n\t\t\t\t<\/div>\n\t\t\t\t\t\t<\/div>\n\t\t\t<\/div>\n\t\t<\/div>\n\t\t\t\t<div class=\"has_ma_el_slider elementor-element elementor-element-4bb5185d elementor-column elementor-col-50 elementor-top-column\" data-id=\"4bb5185d\" data-element_type=\"column\" data-settings=\"{&quot;background_background&quot;:&quot;classic&quot;}\">\n\t\t\t<div class=\"elementor-column-wrap  elementor-element-populated\">\n\t\t\t\t\t\t\t<div class=\"elementor-background-overlay\"><\/div>\n\t\t\t\t\t<div class=\"elementor-widget-wrap\">\n\t\t\t\t<div class=\"elementor-element elementor-element-4d34f097 elementor-widget elementor-widget-image\" data-id=\"4d34f097\" data-element_type=\"widget\" data-widget_type=\"image.default\">\n\t\t\t\t<div class=\"elementor-widget-container\">\n\t\t\t\t\t<div class=\"elementor-image\">\n\t\t\t\t\t\t\t\t\t\t<img width=\"679\" height=\"959\" src=\"https:\/\/kf-art-gallery.com\/wp-content\/uploads\/2020\/09\/Mama2.jpeg\" class=\"attachment-full size-full\" alt=\"\" loading=\"lazy\" srcset=\"https:\/\/kf-art-gallery.com\/wp-content\/uploads\/2020\/09\/Mama2.jpeg 679w, https:\/\/kf-art-gallery.com\/wp-content\/uploads\/2020\/09\/Mama2-212x300.jpeg 212w\" sizes=\"(max-width: 679px) 100vw, 679px\" \/>\t\t\t\t\t\t\t\t\t\t\t<\/div>\n\t\t\t\t<\/div>\n\t\t\t\t<\/div>\n\t\t\t\t\t\t<\/div>\n\t\t\t<\/div>\n\t\t<\/div>\n\t\t\t\t\t\t<\/div>\n\t\t\t<\/div>\n\t\t<\/section>\n\t\t\t\t<section class=\"has_ma_el_slider elementor-element elementor-element-ac830de elementor-section-full_width elementor-section-height-default elementor-section-height-default elementor-section elementor-top-section\" data-id=\"ac830de\" data-element_type=\"section\" data-settings=\"{&quot;background_background&quot;:&quot;classic&quot;}\">\n\t\t\t\t\t\t\t<div class=\"elementor-background-overlay\"><\/div>\n\t\t\t\t\t\t\t<div class=\"elementor-container elementor-column-gap-default\">\n\t\t\t\t<div class=\"elementor-row\">\n\t\t\t\t<div class=\"has_ma_el_slider elementor-element elementor-element-d26c5b1 elementor-column elementor-col-50 elementor-top-column\" data-id=\"d26c5b1\" data-element_type=\"column\" data-settings=\"{&quot;background_background&quot;:&quot;classic&quot;}\">\n\t\t\t<div class=\"elementor-column-wrap  elementor-element-populated\">\n\t\t\t\t\t<div class=\"elementor-widget-wrap\">\n\t\t\t\t<div class=\"elementor-element elementor-element-0f972da elementor-view-framed elementor-shape-circle elementor-widget elementor-widget-icon\" data-id=\"0f972da\" data-element_type=\"widget\" data-widget_type=\"icon.default\">\n\t\t\t\t<div class=\"elementor-widget-container\">\n\t\t\t\t\t<div class=\"elementor-icon-wrapper\">\n\t\t\t<div class=\"elementor-icon\">\n\t\t\t<i aria-hidden=\"true\" class=\"fas fa-unlock\"><\/i>\t\t\t<\/div>\n\t\t<\/div>\n\t\t\t\t<\/div>\n\t\t\t\t<\/div>\n\t\t\t\t\t\t<\/div>\n\t\t\t<\/div>\n\t\t<\/div>\n\t\t\t\t<div class=\"has_ma_el_slider elementor-element elementor-element-668e2b3 elementor-column elementor-col-50 elementor-top-column\" data-id=\"668e2b3\" data-element_type=\"column\">\n\t\t\t<div class=\"elementor-column-wrap  elementor-element-populated\">\n\t\t\t\t\t<div class=\"elementor-widget-wrap\">\n\t\t\t\t<div class=\"elementor-element elementor-element-68612f8 elementor-widget elementor-widget-text-editor\" data-id=\"68612f8\" data-element_type=\"widget\" data-widget_type=\"text-editor.default\">\n\t\t\t\t<div class=\"elementor-widget-container\">\n\t\t\t\t\t<div class=\"elementor-text-editor elementor-clearfix\"><p style=\"text-align: left;\"><strong>Ihr Weg zu einem Kunstwerk: erleben Sie die Bilder in der <span style=\"color: #99ccff;\"><a style=\"color: #99ccff;\" href=\"http:\/\/kf-art-gallery.com\/?page_id=136\">Galerie<\/a><\/span>; sehen Sie sich gezielt Werke an, informieren Sie sich \u00fcber Titel und Ma\u00dfe oder klicken Sie sich einfach durch die Slideshow. Wenn Sie mehr \u00fcber ein Bild erfahren oder es erwerben wollen, k\u00f6nnen Sie <span style=\"color: #99ccff;\"><a style=\"color: #99ccff;\" href=\"http:\/\/kf-art-gallery.com\/?page_id=138\">Kontakt<\/a><\/span> zu uns aufnehmen. F\u00fcllen Sie einfach das Kontaktformular aus, w\u00e4hlen Sie eines oder mehrere Bilder aus und fertig. Wir melden uns bei Ihnen!<\/strong><\/p><\/div>\n\t\t\t\t<\/div>\n\t\t\t\t<\/div>\n\t\t\t\t\t\t<\/div>\n\t\t\t<\/div>\n\t\t<\/div>\n\t\t\t\t\t\t<\/div>\n\t\t\t<\/div>\n\t\t<\/section>\n\t\t\t\t<section class=\"has_ma_el_slider elementor-element elementor-element-8395462 elementor-section-boxed elementor-section-height-default elementor-section-height-default elementor-section elementor-top-section\" data-id=\"8395462\" data-element_type=\"section\" data-settings=\"{&quot;background_background&quot;:&quot;classic&quot;}\">\n\t\t\t\t\t\t<div class=\"elementor-container elementor-column-gap-default\">\n\t\t\t\t<div class=\"elementor-row\">\n\t\t\t\t<div class=\"has_ma_el_slider elementor-element elementor-element-295f326 elementor-column elementor-col-100 elementor-top-column\" data-id=\"295f326\" data-element_type=\"column\">\n\t\t\t<div class=\"elementor-column-wrap  elementor-element-populated\">\n\t\t\t\t\t<div class=\"elementor-widget-wrap\">\n\t\t\t\t<div class=\"elementor-element elementor-element-9d34ca0 elementor-widget elementor-widget-text-editor\" data-id=\"9d34ca0\" data-element_type=\"widget\" data-widget_type=\"text-editor.default\">\n\t\t\t\t<div class=\"elementor-widget-container\">\n\t\t\t\t\t<div class=\"elementor-text-editor elementor-clearfix\"><\/div>\n\t\t\t\t<\/div>\n\t\t\t\t<\/div>\n\t\t\t\t\t\t<\/div>\n\t\t\t<\/div>\n\t\t<\/div>\n\t\t\t\t\t\t<\/div>\n\t\t\t<\/div>\n\t\t<\/section>\n\t\t\t\t<section class=\"has_ma_el_slider elementor-element elementor-element-8516d15 elementor-section-boxed elementor-section-height-default elementor-section-height-default elementor-section elementor-top-section\" data-id=\"8516d15\" data-element_type=\"section\">\n\t\t\t\t\t\t<div class=\"elementor-container elementor-column-gap-default\">\n\t\t\t\t<div class=\"elementor-row\">\n\t\t\t\t<div class=\"has_ma_el_slider elementor-element elementor-element-9c28a90 elementor-column elementor-col-100 elementor-top-column\" data-id=\"9c28a90\" data-element_type=\"column\">\n\t\t\t<div class=\"elementor-column-wrap  elementor-element-populated\">\n\t\t\t\t\t<div class=\"elementor-widget-wrap\">\n\t\t\t\t<div class=\"elementor-element elementor-element-7a9890c elementor-widget elementor-widget-text-editor\" data-id=\"7a9890c\" data-element_type=\"widget\" data-widget_type=\"text-editor.default\">\n\t\t\t\t<div class=\"elementor-widget-container\">\n\t\t\t\t\t<div class=\"elementor-text-editor elementor-clearfix\"><p><strong>\u00a9 Erik Frank 2021<\/strong><\/p><p><a href=\"http:\/\/kf-art-gallery.com\/?page_id=185\"><strong>Impressum<\/strong><\/a><\/p><p><a href=\"http:\/\/kf-art-gallery.com\/?page_id=193\">Datenschutz<\/a><\/p><\/div>\n\t\t\t\t<\/div>\n\t\t\t\t<\/div>\n\t\t\t\t\t\t<\/div>\n\t\t\t<\/div>\n\t\t<\/div>\n\t\t\t\t\t\t<\/div>\n\t\t\t<\/div>\n\t\t<\/section>\n\t\t\t\t\t\t<\/div>\n\t\t\t<\/div>\n\t\t<\/div>\n\t\t","protected":false},"excerpt":{"rendered":"<p>X Startseite Galerie Kontakt KF Art Gallery Herzlich willkommen in der KF Art Gallery!Erleben Sie hier \u00d6lgem\u00e4lde, die ihresgleichen suchen! Die KF Art Gallery dient als virtuelle Ausstellungsfl\u00e4che der Bilder von Karin Frank, einer\u00a0passionierten Surrealistin, Diplom-Ingenieurin und K\u00fcnstlerin. Geht es f\u00fcr Karin Frank in ihrem Beruf vor allem um Pr\u00e4zision, Geradlinigkeit und Akkuratesse, hebelt sie [&hellip;]<\/p>\n","protected":false},"author":1,"featured_media":0,"parent":0,"menu_order":0,"comment_status":"closed","ping_status":"closed","template":"elementor_canvas","meta":[],"_links":{"self":[{"href":"https:\/\/kf-art-gallery.com\/index.php?rest_route=\/wp\/v2\/pages\/116"}],"collection":[{"href":"https:\/\/kf-art-gallery.com\/index.php?rest_route=\/wp\/v2\/pages"}],"about":[{"href":"https:\/\/kf-art-gallery.com\/index.php?rest_route=\/wp\/v2\/types\/page"}],"author":[{"embeddable":true,"href":"https:\/\/kf-art-gallery.com\/index.php?rest_route=\/wp\/v2\/users\/1"}],"replies":[{"embeddable":true,"href":"https:\/\/kf-art-gallery.com\/index.php?rest_route=%2Fwp%2Fv2%2Fcomments&post=116"}],"version-history":[{"count":56,"href":"https:\/\/kf-art-gallery.com\/index.php?rest_route=\/wp\/v2\/pages\/116\/revisions"}],"predecessor-version":[{"id":258,"href":"https:\/\/kf-art-gallery.com\/index.php?rest_route=\/wp\/v2\/pages\/116\/revisions\/258"}],"wp:attachment":[{"href":"https:\/\/kf-art-gallery.com\/index.php?rest_route=%2Fwp%2Fv2%2Fmedia&parent=116"}],"curies":[{"name":"wp","href":"https:\/\/api.w.org\/{rel}","templated":true}]}}